{"id":102,"date":"2025-11-30T22:00:00","date_gmt":"2025-11-30T22:00:00","guid":{"rendered":"https:\/\/fragmentos.zabeleta.pt\/?page_id=102"},"modified":"2025-12-11T15:46:31","modified_gmt":"2025-12-11T15:46:31","slug":"o-codex","status":"publish","type":"page","link":"https:\/\/fragmentos.zabeleta.pt\/?page_id=102","title":{"rendered":"O Codex"},"content":{"rendered":"\n<p><a href=\"https:\/\/fragmentos.zabeleta.pt\/?cat=7\" data-type=\"category\" data-id=\"7\">Os Errantes<\/a><\/p>\n\n\n\n<p class=\"has-medium-font-size\">Eles n\u00e3o est\u00e3o fixos. T\u00eam vontade. S\u00e3o os mensageiros e os regentes cujos ciclos ditam o ritmo da Busca. Cada movimento \u00e9 uma nota na sinfonia, uma li\u00e7\u00e3o de inten\u00e7\u00e3o.<\/p>\n\n\n\n<p><strong><a href=\"https:\/\/fragmentos.zabeleta.pt\/?cat=1\" data-type=\"category\" data-id=\"1\">Os Espelhos Secund\u00e1rios<\/a><\/strong><\/p>\n\n\n\n<p class=\"has-medium-font-size\">Para al\u00e9m do Primeiro Espelho, existem estes. Reflectem a luz da Fonte, sim, mas s\u00e3o filtrados pela vontade do Errante que guardam. S\u00e3o os ecos da influ\u00eancia, as cifras de segunda ordem.<\/p>\n\n\n\n<p><strong><a href=\"https:\/\/fragmentos.zabeleta.pt\/?cat=8\" data-type=\"category\" data-id=\"8\">A Tape\u00e7aria Celeste<\/a><\/strong><\/p>\n\n\n\n<p class=\"has-medium-font-size\">O padr\u00e3o imut\u00e1vel. As hist\u00f3rias primordiais escritas em fogo fixo. Esta \u00e9 a arquitectura do destino, o mapa eterno contra o qual a vontade dos Errantes \u00e9 medida.<\/p>\n\n\n\n<p><strong><a href=\"https:\/\/fragmentos.zabeleta.pt\/?cat=9\" data-type=\"category\" data-id=\"9\">A Prima Mat\u00e9ria<\/a><\/strong><\/p>\n\n\n\n<p class=\"has-medium-font-size\">O Abismo f\u00e9rtil. Onde o Esp\u00edrito ainda se move sobre as \u00e1guas de poeira. Esta \u00e9 a subst\u00e2ncia do caos, o ber\u00e7o alqu\u00edmico onde a Luz primeiro irrompe das Trevas.<\/p>\n\n\n\n<p><strong><a href=\"https:\/\/fragmentos.zabeleta.pt\/?cat=10\" data-type=\"category\" data-id=\"10\">Os Mundos-Ilha<\/a><\/strong><\/p>\n\n\n\n<p class=\"has-medium-font-size\">Cada um destes \u00e9 um Cosmos completo, uma outra Cria\u00e7\u00e3o. S\u00e3o os Fragmentos maiores, ilhas de luz separadas pelo Abismo. A prova de que o padr\u00e3o se repete, infinitamente.<\/p>\n\n\n\n<p><strong><a href=\"https:\/\/fragmentos.zabeleta.pt\/?cat=11\" data-type=\"category\" data-id=\"11\">Sinais e Portentos<\/a><\/strong><\/p>\n\n\n\n<p class=\"has-medium-font-size\">O padr\u00e3o n\u00e3o \u00e9 est\u00e1tico. Por vezes, \u00e9 interrompido. Um v\u00e9u que cobre a Luz, um viajante de gelo que rasga a noite. N\u00e3o s\u00e3o acidentes. S\u00e3o a linguagem urgente do Infinito.<\/p>\n","protected":false},"excerpt":{"rendered":"<p>Os Errantes Eles n\u00e3o est\u00e3o fixos. T\u00eam vontade. S\u00e3o os mensageiros e os regentes cujos ciclos ditam o ritmo da Busca. Cada movimento \u00e9 uma nota na sinfonia, uma li\u00e7\u00e3o de inten\u00e7\u00e3o. Os Espelhos Secund\u00e1rios Para al\u00e9m do Primeiro Espelho, existem estes. Reflectem a luz da Fonte, sim, mas s\u00e3o filtrados pela vontade do Errante [&hellip;]<\/p>\n","protected":false},"author":1,"featured_media":143,"parent":0,"menu_order":3,"comment_status":"closed","ping_status":"closed","template":"","meta":{"footnotes":""},"class_list":["post-102","page","type-page","status-publish","has-post-thumbnail","hentry"],"_links":{"self":[{"href":"https:\/\/fragmentos.zabeleta.pt\/index.php?rest_route=\/wp\/v2\/pages\/102","targetHints":{"allow":["GET"]}}],"collection":[{"href":"https:\/\/fragmentos.zabeleta.pt\/index.php?rest_route=\/wp\/v2\/pages"}],"about":[{"href":"https:\/\/fragmentos.zabeleta.pt\/index.php?rest_route=\/wp\/v2\/types\/page"}],"author":[{"embeddable":true,"href":"https:\/\/fragmentos.zabeleta.pt\/index.php?rest_route=\/wp\/v2\/users\/1"}],"replies":[{"embeddable":true,"href":"https:\/\/fragmentos.zabeleta.pt\/index.php?rest_route=%2Fwp%2Fv2%2Fcomments&post=102"}],"version-history":[{"count":3,"href":"https:\/\/fragmentos.zabeleta.pt\/index.php?rest_route=\/wp\/v2\/pages\/102\/revisions"}],"predecessor-version":[{"id":131,"href":"https:\/\/fragmentos.zabeleta.pt\/index.php?rest_route=\/wp\/v2\/pages\/102\/revisions\/131"}],"wp:featuredmedia":[{"embeddable":true,"href":"https:\/\/fragmentos.zabeleta.pt\/index.php?rest_route=\/wp\/v2\/media\/143"}],"wp:attachment":[{"href":"https:\/\/fragmentos.zabeleta.pt\/index.php?rest_route=%2Fwp%2Fv2%2Fmedia&parent=102"}],"curies":[{"name":"wp","href":"https:\/\/api.w.org\/{rel}","templated":true}]}}