{"id":2,"date":"2025-11-30T22:00:00","date_gmt":"2025-11-30T22:00:00","guid":{"rendered":"https:\/\/fragmentos.zabeleta.pt\/?page_id=2"},"modified":"2025-12-11T15:45:58","modified_gmt":"2025-12-11T15:45:58","slug":"a-busca","status":"publish","type":"page","link":"https:\/\/fragmentos.zabeleta.pt\/?page_id=2","title":{"rendered":"A Busca"},"content":{"rendered":"\n<p><\/p>\n\n\n\n<blockquote class=\"wp-block-quote is-layout-flow wp-block-quote-is-layout-flow\">\n<p class=\"has-cormorant-garamond-font-family\" style=\"font-size:clamp(1.039rem, 1.039rem + ((1vw - 0.2rem) * 0.935), 1.6rem);\">&#8220;No princ\u00edpio, criou Deus os c\u00e9us e a terra.<br>E a terra era sem forma e vazia;<br>e havia trevas sobre a face do abismo.<br>E o Esp\u00edrito de Deus movia-se sobre a face das \u00e1guas.<br>E disse Deus: Haja luz. E houve luz.&#8221;<\/p>\n\n\n\n<p class=\"has-cormorant-garamond-font-family\" style=\"font-size:clamp(1.039rem, 1.039rem + ((1vw - 0.2rem) * 0.935), 1.6rem);\">(G\u00e9nesis 1:1-3)<\/p>\n<\/blockquote>\n\n\n\n<p class=\"has-cormorant-garamond-font-family\" style=\"font-size:clamp(0.929rem, 0.929rem + ((1vw - 0.2rem) * 0.785), 1.4rem);\">Tudo come\u00e7a aqui. Na separa\u00e7\u00e3o primordial. Na Palavra que ilumina o Abismo.<\/p>\n\n\n\n<p class=\"has-cormorant-garamond-font-family\" style=\"font-size:clamp(0.929rem, 0.929rem + ((1vw - 0.2rem) * 0.785), 1.4rem);\">Esta Luz sempre existiu. \u00c9 a centelha no v\u00e1cuo, a vida que vibra no \u00e9ter.<\/p>\n\n\n\n<p class=\"has-cormorant-garamond-font-family\" style=\"font-size:clamp(0.929rem, 0.929rem + ((1vw - 0.2rem) * 0.785), 1.4rem);\">E foi-nos dito que, embora Ela resplande\u00e7a nas trevas, &#8220;as trevas n\u00e3o a compreenderam.&#8221;<\/p>\n\n\n\n<p class=\"has-cormorant-garamond-font-family\" style=\"font-size:clamp(0.929rem, 0.929rem + ((1vw - 0.2rem) * 0.785), 1.4rem);\">A chave est\u00e1 na palavra.<\/p>\n\n\n\n<p class=\"has-cormorant-garamond-font-family\" style=\"font-size:clamp(0.929rem, 0.929rem + ((1vw - 0.2rem) * 0.785), 1.4rem);\">As trevas n\u00e3o a puderam conter. N\u00e3o a puderam envolver, abra\u00e7ar, apagar. A Luz \u00e9, por natureza, indom\u00e1vel. O Abismo tenta sufoc\u00e1-la, mas Ela irrompe.<\/p>\n\n\n\n<p class=\"has-cormorant-garamond-font-family\" style=\"font-size:clamp(0.929rem, 0.929rem + ((1vw - 0.2rem) * 0.785), 1.4rem);\">Este espa\u00e7o \u00e9 um exerc\u00edcio de observa\u00e7\u00e3o desse acto. Vemos como a Luz se recusa a ser aprisionada.<\/p>\n\n\n\n<p class=\"has-cormorant-garamond-font-family\" style=\"font-size:clamp(0.929rem, 0.929rem + ((1vw - 0.2rem) * 0.785), 1.4rem);\">N\u00e3o procuramos a Luz inteira, pois a sua totalidade n\u00e3o pode ser abra\u00e7ada. Procuramos os seus <strong>Fragmentos<\/strong>.<\/p>\n\n\n\n<p class=\"has-cormorant-garamond-font-family\" style=\"font-size:clamp(0.929rem, 0.929rem + ((1vw - 0.2rem) * 0.785), 1.4rem);\">Apontamos a lente para as Trevas, n\u00e3o para medir a sua vastid\u00e3o, mas para testemunhar a Luz que ela falha em conter. Cada imagem capturada \u00e9 um reflexo p\u00e1lido dessa irrup\u00e7\u00e3o. Cada nebulosa, a prova de que o Vazio n\u00e3o venceu. Cada estrela, um n\u00famero numa equa\u00e7\u00e3o de liberdade.<\/p>\n\n\n\n<p class=\"has-cormorant-garamond-font-family\" style=\"font-size:clamp(0.929rem, 0.929rem + ((1vw - 0.2rem) * 0.785), 1.4rem);\">N\u00e3o trazemos respostas.<\/p>\n\n\n\n<p class=\"has-cormorant-garamond-font-family\" style=\"font-size:clamp(0.929rem, 0.929rem + ((1vw - 0.2rem) * 0.785), 1.4rem);\">O infinito n\u00e3o se explica. Decifra-se.<\/p>\n\n\n\n<p class=\"has-cormorant-garamond-font-family\" style=\"font-size:clamp(0.929rem, 0.929rem + ((1vw - 0.2rem) * 0.785), 1.4rem);\">Trazemos apenas as pe\u00e7as que encontramos no caminho. O mapa que desenhamos ao tentar decifrar o padr\u00e3o. Porque a \u00fanica forma de verdadeiramente &#8220;compreender&#8221; a Luz n\u00e3o \u00e9 tentar envolv\u00ea-la.<\/p>\n\n\n\n<p class=\"has-cormorant-garamond-font-family\" style=\"font-size:clamp(0.929rem, 0.929rem + ((1vw - 0.2rem) * 0.785), 1.4rem);\">\u00c9 ser o espelho que a reflete.<\/p>\n\n\n\n<blockquote class=\"wp-block-quote is-layout-flow wp-block-quote-is-layout-flow\">\n<p class=\"has-text-align-left\"><strong>Fragmentos do Espelho<\/strong><\/p>\n\n\n\n<p class=\"has-text-align-left has-cormorant-garamond-font-family\" style=\"font-size:clamp(17.371px, 1.086rem + ((1vw - 3.2px) * 1.003), 27px);\">No ch\u00e3o da jornada, s\u00f3 pe\u00e7as se acham,<br>O mapa \u00e9 um risco que a m\u00e3o vai tra\u00e7ar,<br>Tentando na sombra o Padr\u00e3o decifrar.<\/p>\n\n\n\n<p class=\"has-text-align-left has-cormorant-garamond-font-family\" style=\"font-size:clamp(17.371px, 1.086rem + ((1vw - 3.2px) * 1.003), 27px);\">Pois Luz n\u00e3o se agarra, n\u00e3o se pode envolver,<br>A \u00fanica <strong>verdade <\/strong>que a pode acolher,<br>\u00c9 ser-se o <strong>espelho <\/strong>que a faz resplandecer.<\/p>\n\n\n\n<p class=\"has-text-align-right has-cormorant-garamond-font-family\" style=\"font-size:clamp(17.371px, 1.086rem + ((1vw - 3.2px) * 1.003), 27px);\"><strong><em>Viator<\/em><\/strong><\/p>\n<\/blockquote>\n\n\n\n<p><\/p>\n","protected":false},"excerpt":{"rendered":"<p>&#8220;No princ\u00edpio, criou Deus os c\u00e9us e a terra.E a terra era sem forma e vazia;e havia trevas sobre a face do abismo.E o Esp\u00edrito de Deus movia-se sobre a face das \u00e1guas.E disse Deus: Haja luz. E houve luz.&#8221; (G\u00e9nesis 1:1-3) Tudo come\u00e7a aqui. Na separa\u00e7\u00e3o primordial. Na Palavra que ilumina o Abismo. Esta [&hellip;]<\/p>\n","protected":false},"author":1,"featured_media":141,"parent":0,"menu_order":5,"comment_status":"closed","ping_status":"closed","template":"","meta":{"footnotes":""},"class_list":["post-2","page","type-page","status-publish","has-post-thumbnail","hentry"],"_links":{"self":[{"href":"https:\/\/fragmentos.zabeleta.pt\/index.php?rest_route=\/wp\/v2\/pages\/2","targetHints":{"allow":["GET"]}}],"collection":[{"href":"https:\/\/fragmentos.zabeleta.pt\/index.php?rest_route=\/wp\/v2\/pages"}],"about":[{"href":"https:\/\/fragmentos.zabeleta.pt\/index.php?rest_route=\/wp\/v2\/types\/page"}],"author":[{"embeddable":true,"href":"https:\/\/fragmentos.zabeleta.pt\/index.php?rest_route=\/wp\/v2\/users\/1"}],"replies":[{"embeddable":true,"href":"https:\/\/fragmentos.zabeleta.pt\/index.php?rest_route=%2Fwp%2Fv2%2Fcomments&post=2"}],"version-history":[{"count":6,"href":"https:\/\/fragmentos.zabeleta.pt\/index.php?rest_route=\/wp\/v2\/pages\/2\/revisions"}],"predecessor-version":[{"id":128,"href":"https:\/\/fragmentos.zabeleta.pt\/index.php?rest_route=\/wp\/v2\/pages\/2\/revisions\/128"}],"wp:featuredmedia":[{"embeddable":true,"href":"https:\/\/fragmentos.zabeleta.pt\/index.php?rest_route=\/wp\/v2\/media\/141"}],"wp:attachment":[{"href":"https:\/\/fragmentos.zabeleta.pt\/index.php?rest_route=%2Fwp%2Fv2%2Fmedia&parent=2"}],"curies":[{"name":"wp","href":"https:\/\/api.w.org\/{rel}","templated":true}]}}